{"id":727,"date":"2021-06-30T13:51:19","date_gmt":"2021-06-30T11:51:19","guid":{"rendered":"https:\/\/csenigma.pl\/centrum-szyfrow\/dostepnosc\/"},"modified":"2025-02-18T09:38:46","modified_gmt":"2025-02-18T08:38:46","slug":"dostepnosc","status":"publish","type":"page","link":"https:\/\/csenigma.pl\/de\/centrum-szyfrow\/dostepnosc\/","title":{"rendered":"Zug\u00e4nglichkeit"},"content":{"rendered":"","protected":false},"excerpt":{"rendered":"","protected":false},"author":1,"featured_media":0,"parent":547,"menu_order":6,"comment_status":"closed","ping_status":"closed","template":"","meta":{"_acf_changed":false,"footnotes":""},"class_list":["post-727","page","type-page","status-publish","hentry"],"acf":{"sections":[{"acf_fc_layout":"section_100","bg":"","title":"","font_size":"20","text":"<p><strong>Jede*r Besucher*in ist uns wichtig.<\/strong><\/p>\n<p>Wir sorgen daf\u00fcr, dass sich bei uns jede*r Besucher*in wohl f\u00fchlt. W\u00e4hrend des Besuchs k\u00f6nnen Sie jederzeit unsere Kundenservice-Mitarbeter*innen um Hilfe bitten.<\/p>\n<p>Vor dem Besuch k\u00f6nnen Sie uns auch unter der Telefonnummer: 61 888 45 12 erreichen.<\/p>\n"},{"acf_fc_layout":"section_100","bg":"","title":"","font_size":"20","text":"<p><strong>Tickets<\/strong><\/p>\n<p>Menschen mit Behinderungen und deren Begleitpersonen sind berechtigt, erm\u00e4\u00dfigte Tickets zu erwerben.<\/p>\n<p><strong>Assistent f\u00fcr sehbehinderte Menschen<\/strong><\/p>\n<p>Wenn Sie w\u00e4hrend des Besuchs im Chiffrenzentrum Enigma Hilfe ben\u00f6tigen, werden wir Ihnen eine*n Kundenservice-Mitarbeiter*in zur Verf\u00fcgung stellen.<\/p>\n<p>Diese Person wird Sie w\u00e4hrend Ihres Besuchs im Chiffrenzentrum Enigma \u00a0begleiten und Sie da\u00fcber, was in dem Raum los ist, informieren.<\/p>\n<p><strong>Menschen mit einem Assistenzhund sind im Chiffrenzentrum Enigma willkommen.<\/strong><\/p>\n<p>&nbsp;<\/p>\n<p><strong>Weitere Informationen erhalten Sie bei Ihrer Ansprechpartnerin bei Fragen zu Zug\u00e4nglichkeit:<\/strong><\/p>\n<p>e-mail: dostepnosc@pcd.poznan.pl<\/p>\n<div data-ogsc=\"\">\n<p>tel.\u00a0571 267 308<\/p>\n<\/div>\n"},{"acf_fc_layout":"accordions","title":"","row":[{"title":"Anfahrt","text":"<p><strong>Anfahrt mit \u00f6ffentlichen Verkehrsmitteln<\/strong><\/p>\n<p>Sie erreichen unser Geb\u00e4ude mit der Stra\u00dfenbahnlinie 163, 168, 169 und 171, Haltestelle Zamek.<\/p>\n<p>Die Entfernung von der Haltestelle betr\u00e4gt 200 Meter.<\/p>\n<p>Die Fl\u00e4che rund um das Geb\u00e4ude ist mit glatten Platten verlegt.<\/p>\n<p><strong>Anfahrt mit dem Auto<\/strong><\/p>\n<p>Der n\u00e4chste Parkplatz mit ausgewiesenen Behindertenparkpl\u00e4tzen befindet sich in derRondo Kaponiera in 450 Metern Entfernung von unserem Eingang.<\/p>\n"},{"title":"Eingang","text":"<p><strong>Eingang<\/strong><\/p>\n<p>Sie k\u00f6nnen in das Chiffrenzentrum Enigma von der Sankt-Martin-Stra\u00dfe oder von der Ko\u015bciuszko-Stra\u00dfe hineingehen.<\/p>\n<p>Zum Haupteingang von der Sankt-Martin-Stra\u00dfe f\u00fchren 4 Stufen, ein ger\u00e4umiger Treppenabsatz und 8 Stufen. Links von der Treppe befindet sich eine vertikale Plattform f\u00fcr bis zu 3 Personen (Tragf\u00e4higkeit der Plattform betr\u00e4gt 385 kg). Eine Doppelt\u00fcr l\u00e4sst sich automatisch nach au\u00dfen \u00f6ffnen. Ihre Breite betr\u00e4gt 1,80 m.<\/p>\n<p>Eingang von der Ko\u015bciuszko-Stra\u00dfe befindet sich im Hof \u200b\u200bhinter dem Tor. Auf der rechten Seite f\u00fchrt eine T\u00fcr zur Garderobe und weiter zum Eingangsbereich. Ihre Breite betr\u00e4gt 90 cm. Vor der T\u00fcr befindet sich eine 20 cm hohe Schwelle und dahinter ein Flur und eine Treppe (13 Stufen).<\/p>\n<p>Rechts tiefer im Hof \u200b\u200bbefindet sich eine 160 cm breite T\u00fcr. Hinter der T\u00fcr rechts befindet sich ein Aufzug, \u00fcber den sowohl Eingangsbereich als auch alle Etagen und Zwischenetagen des Geb\u00e4udes erreichbar sind. Hier gibt es keine T\u00fcrschwellen. Hinter dem Aufzug befinden sich auch behindertengerechte Toiletten.<\/p>\n<p><strong>Eingangsbereich<\/strong><\/p>\n<p>Eingangsbereich ist eine ger\u00e4umige Halle mit einer Haupttreppe, Aufz\u00fcgen, Toiletten und einem Eingang zum Besucherzentrum, von dem aus der Rundgang durch die Ausstellung beginnt.<\/p>\n<p>\u00dcber die sich im Eingangsbereich befindenden Treppen sind alle Etagen und Zwischenetagen des Geb\u00e4udes erreichbar. Die Breite der Mitteltreppe (13 Stufen) betr\u00e4gt 5,90 Meter, die der Seitenstufen &#8211; 2,60 Meter (12 Stufen). Wir empfehlen, den Aufzug links von der Treppe zu benutzen. \u00dcber den Aufzug sind einzelne Ebenen des Geb\u00e4udes bequem erreichbar.<\/p>\n"},{"title":"Toiletten und Garderobe","text":"<p><strong>Toiletten<\/strong><\/p>\n<p>Es gibt 4 Toiletten im Chiffrenzentrum Enigma, die den Bed\u00fcrfnissen von Menschen mit k\u00f6rperlichen Behinderungen angepasst sind. Der Rangierraum betr\u00e4gt ca. 170 cm x 170 cm.<\/p>\n<p>Die Toiletten befinden sich:<\/p>\n<p>\uf0a7 auf Ebene 0: am Eingang von der Ko\u015bciuszko-Stra\u00dfe, rechts von der Eingangst\u00fcr,<\/p>\n<p>\uf0a7 auf Ebene 1: in der N\u00e4he der Kassen,<\/p>\n<p>\uf0a7 auf Ebene +1: im Eingangsbereich, neben dem Besucherzentrum,<\/p>\n<p>\uf0a7 auf Ebene +1: in der Ausstellung in der N\u00e4he von dem gr\u00f6\u00dften \u0141owmia\u0144ski-Saal neben dem Wickelraum.<\/p>\n<p><strong>Garderobe<\/strong><\/p>\n<p>Die Garderobe befindet sich auf Ebene \u2013 1. Sie ist ausschlie\u00dflich \u00fcber die Treppen erreichbar (13 Stufen, 160 cm breit). Wenn Sie in die Garderobe nicht hinuntersteigen wollen, k\u00f6nnen Sie die Schlie\u00dff\u00e4cher neben der Kasse benutzen.<\/p>\n"},{"title":"Kasse und Besucherzentrum","text":"<p><strong>Kasse<\/strong><\/p>\n<p>Die H\u00f6he der Theke an der Kasse betr\u00e4gt 80 cm. Hier befindet sich eine station\u00e4re induktive H\u00f6ranlage. Durch eine Verbindung mit einem Online-Dolmetscher k\u00f6nnen wir in Polnischer Geb\u00e4rdensprache kommunizieren. An der Kasse k\u00f6nnen Sie sich ein Heft in Leichter Sprache ausleihen. Das Heft wird Ihnen den Besuch des Zentrums erleichtern und zeigen, wie die Ausstellung des Zentrums aussieht, welche Orte am interessantesten sind und wo Sie vorsichtig sein sollten.<\/p>\n<p>Bei Bedarf stellen wir Ihnen f\u00fcr die Dauer Ihres Besuchs kostenlos einen Rollstuhl und eine Babytrage zur Verf\u00fcgung (wir haben 2 Rollst\u00fchle und 2 Babytragen in verschiedenen Gr\u00f6\u00dfen). Sie k\u00f6nnen auch kostenlos ger\u00e4uschreduzierende Kopfh\u00f6rer ausleihen (wir haben 6 Kopfh\u00f6rer f\u00fcr Kinder und 4 f\u00fcr Erwachsene).<\/p>\n<p><strong>Besucherzentrum<\/strong><\/p>\n<p>Im Besucherzentrum erhalten Sie Audioguides f\u00fcr den Besuch der Ausstellung.<\/p>\n"},{"title":"Audioguides","text":"<p><strong>Audioguides<\/strong><\/p>\n<p>Der Audioguide-Stand befindet sich neben den Schwenkt\u00fcren zur Ausstellung. Die Theke im Besucherzentrum ist 80 cm hoch, links von der Theke befinden sich zwei jeweils 90 cm breite Schwenkt\u00fcren, die zur Ausstellung f\u00fchren. Neben der gew\u00f6hnlichen Audiospur in polnischer Sprache k\u00f6nnen Sie folgende Audiospuren w\u00e4hlen:<\/p>\n<p>&#8211; eine in Polnischer Geb\u00e4rdensprache, Dauer ca. 90 Minuten,<\/p>\n<p>&#8211; eine in Leichter Sprache, Dauer ca. 60 Minuten.<\/p>\n<p>&#8211; eine mit Audiodeskription und Navigationshinweisen, Dauer ca. 90 Minuten. Sie k\u00f6nnen diesen Audioguide auch an der Kasse gegen\u00fcber dem Haupteingang abholen. Er f\u00fchrt Sie dann von der Kasse, durch den Eingangsbereich, das Besucherzentrum und die Ausstellung. Der Audioguide wird mit einem Kopfh\u00f6rer ausgeliehen, der \u00fcber einem Ohr getragen werden kann.<\/p>\n<p>F\u00fcr ein optimales H\u00f6rerlebnis erhalten Sie f\u00fcr die Dauer der F\u00fchrung eine mobile Induktionsschleife.<\/p>\n<p>&nbsp;<\/p>\n<p>Der Audioguide ist auch in Englisch, Deutsch und Russisch erh\u00e4ltlich.<\/p>\n<p>Die Ausstellung wird grunds\u00e4tzlich mit einem Audioguide besichtigt, egal ob es sich um eine Einzel- oder Gruppenf\u00fchrung handelt.<\/p>\n<p>Audioguides, Kopfh\u00f6rer und Induktionsschleifen bestehen aus Materialien, die in elektronischen Ger\u00e4ten, die mit der Haut in Ber\u00fchrung kommen, verwendet werden. Bei manchen Menschen kann es jedoch aufgrund von Allergien oder \u00dcberempfindlichkeit zu Hautreizungen kommen.<\/p>\n<p>Im Besucherzentrum befindet sich ein taktiler Plan, der den Grundriss aller Ausstellungsr\u00e4ume zeigt. Ein zweiter taktiler Plan zeigt den gr\u00f6\u00dften Ausstellungsraum &#8211; den \u0141owmia\u0144ski-Saal und befindet sich am Eingang zu dem Raum auf der linken Seite. Im Geb\u00e4ude gibt es keinen taktilen Bodenleitsystem.<\/p>\n"},{"title":"Ausstellung","text":"<p><strong>Ausstellung<\/strong><\/p>\n<p>Die Ausstellung ist barrierefrei zug\u00e4nglich. Einige R\u00e4ume befinden sich auf etwas niedrigeren Ebenen. Zum U-Boot-Saal f\u00fchren 8 Stufen, es gibt auch eine senkrechte Plattform f\u00fcr bis zu 3 Personen (die Tragf\u00e4higkeit der Plattform betr\u00e4gt 385 kg). Zum \u0141owmia\u0144ski-Saal f\u00fchren 4 Stufen. Es gibt eine mit Gel\u00e4ndern ausgestattete Rampe mit einer L\u00e4nge von 8 m und einer Breite von 1 m. Vor und hinter der Treppe und der Rampe befinden sich Warnfelder.<\/p>\n<p>Mit Ausnahme von Exponaten in Schauk\u00e4sten d\u00fcrfen Sie alle Elemente der Ausstellung anfassen.<\/p>\n<p>Die einzelnen R\u00e4ume unterscheiden sich hinsichtlich Farben und Oberfl\u00e4chenarten. Im U-Boot-Raum k\u00f6nnen Sie Ger\u00e4usche h\u00f6ren, die bei Ihnen den Eindruck erwecken sollten, in einem U-Boot zu sein.<\/p>\n<p>Hier gibt es kein Tageslicht, die Beleuchtung erfolgt haupts\u00e4chlich \u00fcber LEDs in einem k\u00fchlwei\u00dfen Farbton.<\/p>\n<p>Die Unterkante der Touchscreens und Tischplatten befindet sich auf einer H\u00f6he von 80 cm.<\/p>\n<p>Die darauf angezeigten Texte werden kontrastiert dargestellt. Sie k\u00f6nnen sie auch vergr\u00f6\u00dfern.<\/p>\n<p>Einige Filme in der Ausstellung haben eine Audiodeskription und werden in die Polnische Geb\u00e4rdensprache \u00fcbersetzt.<\/p>\n<p>In der Ausstellung gibt es f\u00fcr Sie Pl\u00e4tze, wo Sie sich ausruhen k\u00f6nnen. Einige R\u00e4ume verf\u00fcgen auch \u00fcber Klapphocker, die Sie als Sitzgelegenheit beim Besichtigen benutzen k\u00f6nnen.<\/p>\n<p>&nbsp;<\/p>\n<p>Personen unter dem 16. Lebensjahr d\u00fcrfen die Ausstellung nur unter Aufsicht ihrer Eltern oder Erziehungsberechtigten besuchen.<\/p>\n<p><strong>Bevor Sie unsere Ausstellung besuchen, m\u00f6chten wir Sie auf folgende potenzielle Gefahren aufmerksam machen:<\/strong><\/p>\n<p><strong>Flackernde Lichter<\/strong><\/p>\n<p>In der Ausstellung gibt es flackernde Lichter und eine dynamisch farbwechselnde Beleuchtung. Menschen, die gegen\u00fcber Lichtreizen \u00fcberempfindlich sind, k\u00f6nnen einen epileptischen Anfall erleiden oder das Bewusstsein verlieren. St\u00f6rende Symptome k\u00f6nnen auch bei Personen auftreten, bei denen keine Epilepsie festgestellt wurde oder die fr\u00fcher keine photosensitiven Anf\u00e4lle hatten. Wenn Sie (oder jemand in Ihrer Familie) \u00fcberempfindlich auf Lichtflimmern reagieren, sollten Sie vor dem Besuch im Chiffrenzentrum Enigma \u00e4rztlichen Rat einholen.<\/p>\n<p><strong>Allergene<\/strong><\/p>\n<p>In der Ausstellung k\u00f6nnen Sie chemische Experimente durchf\u00fchren. Die daf\u00fcr verwendeten chemischen Verbindungen k\u00f6nnen allergische Reaktionen hervorrufen. Wenn Sie ahnen, dass bei Ihnen zu einer allergischen Reaktion kommen k\u00f6nnte, seien Sie besonders vorsichtig. Verwenden Sie Schutzhandschuhe und Schutzbrille, die an den St\u00e4nden zur Verf\u00fcgung stehen oder verzichten Sie auf das selbstst\u00e4ndige Durchf\u00fchren von Experimenten und bitten Sie unsere Mitarbeiter*innen um Hilfe.<\/p>\n<p><strong>Radiowellen und Magnetfelder<\/strong><\/p>\n<p>In der Ausstellung befindliche elektronische Ger\u00e4te k\u00f6nnen Radiowellen und Magnetfelder aussenden. Sie k\u00f6nnen den Betrieb anderer elektronischer Ger\u00e4te wie z.B. eines Herzschrittmachers st\u00f6ren.<\/p>\n<p><strong>Verbrennungen<\/strong><\/p>\n<p>An einer Station der Ausstellung k\u00f6nnen Sie ein Experiment unter Anwendung von einer Heizplatte durchf\u00fchren.<\/p>\n<p>Seien Sie besonders vorsichtig, um Verbrennungsgefahr zu vermeiden. Falls st\u00f6rende Symptome auftreten, wenden Sie sich an unsere Mitarbeiter*innen. Sie werden Ihnen helfen, einen Ausweg aus der Ausstellung zu finden oder werden Sie an einen Ort bringen, wo Sie das Eintreffen des Arztes abwarten k\u00f6nnen.<\/p>\n"},{"title":"Ruheraum \/ Wickelraum","text":"<p><strong>Ruheraum \/ Wickelraum<\/strong><\/p>\n<p>In der Ausstellung gibt es einen kleinen Ruheraum bzw. Wickelraum. Dies ist ein Ort, an dem die Bezugsperson das Baby wickeln, stillen oder beruhigen kann. Das Zimmer ist ausgestattet mit einem Sessel, einem Waschbecken, einem Wickeltisch, Decken und Kissen sowie mit einem ger\u00e4uschreduzierenden Kopfh\u00f6rer (auch Noise-Cancelling-Kopfh\u00f6rer genannt). In dem Raum herrschen gedeckte Farben, Tageslicht und weiche Oberfl\u00e4chen vor.<\/p>\n<p>Neben dem Wickelraum gibt es eine Behindertentoilette, die mit einer Notrufanlage ausgestattet ist.<\/p>\n"},{"title":"Mediothek und Chiffrenzone","text":"<p><strong>Mediothek<\/strong><\/p>\n<p>Die Mediothek befindet sich im 2. Stock auf einem Balkon \u00fcber dem \u0141owmia\u0144ski-Saal. Sie ist entweder \u00fcber einen Aufzug oder \u00fcber Treppen erreichbar. In der Mediothek gibt es 3 Computerstationen mit Multimedia-Inhalten und B\u00fccher, die Sie vor Ort lesen k\u00f6nnen. Einige Filme in der Mediothek sind in Polnischer Geb\u00e4rdensprache verf\u00fcgbar.<\/p>\n<p><strong>Chiffrenzone<\/strong><\/p>\n<p>Die Chiffrenzone befindet sich neben dem Besucherzentrum. Hier k\u00f6nnen die Kinder spielen und an f\u00fcr sie vorbereiteten Veranstaltungen teilnehmen. Die Zone kann von Kindern ab dem 6. Lebensjahr nur unter Aufsicht ihrer Eltern oder Erziehungsberechtigten besucht werden. In dem Raum k\u00f6nnen kleinteilige Ausr\u00fcstungsgegenst\u00e4nde vorhanden sein, bei denen Verschluckungs- bzw. Erstickungsgefahr besteht.<\/p>\n"}]},{"acf_fc_layout":"space"},{"acf_fc_layout":"gallery","gallery":[{"ID":6775,"id":6775,"title":"LGD_4235","filename":"LGD_4235-1-scaled.jpg","filesize":592437,"url":"https:\/\/csenigma.pl\/wp-content\/uploads\/2023\/02\/LGD_4235-1-scaled.jpg","link":"https:\/\/csenigma.pl\/de\/centrum-szyfrow\/dostepnosc\/lgd_4235-2-2\/","alt":"","author":"13","description":"","caption":"","name":"lgd_4235-2-2","status":"inherit","uploaded_to":727,"date":"2023-02-23 09:58:25","modified":"2023-02-23 09:59:57","menu_order":0,"mime_type":"image\/jpeg","type":"image","subtype":"jpeg","icon":"https:\/\/csenigma.pl\/wp-includes\/images\/media\/default.png","width":2560,"height":1707,"sizes":{"thumbnail":"https:\/\/csenigma.pl\/wp-content\/uploads\/2023\/02\/LGD_4235-1-150x100.jpg","thumbnail-width":150,"thumbnail-height":100,"medium":"https:\/\/csenigma.pl\/wp-content\/uploads\/2023\/02\/LGD_4235-1-300x200.jpg","medium-width":300,"medium-height":200,"medium_large":"https:\/\/csenigma.pl\/wp-content\/uploads\/2023\/02\/LGD_4235-1-768x512.jpg","medium_large-width":768,"medium_large-height":512,"large":"https:\/\/csenigma.pl\/wp-content\/uploads\/2023\/02\/LGD_4235-1-1024x683.jpg","large-width":1024,"large-height":683,"1536x1536":"https:\/\/csenigma.pl\/wp-content\/uploads\/2023\/02\/LGD_4235-1-1536x1024.jpg","1536x1536-width":1536,"1536x1536-height":1024,"2048x2048":"https:\/\/csenigma.pl\/wp-content\/uploads\/2023\/02\/LGD_4235-1-2048x1365.jpg","2048x2048-width":2048,"2048x2048-height":1365,"img_450_240":"https:\/\/csenigma.pl\/wp-content\/uploads\/2023\/02\/LGD_4235-1-450x240.jpg","img_450_240-width":450,"img_450_240-height":240,"img_780_525":"https:\/\/csenigma.pl\/wp-content\/uploads\/2023\/02\/LGD_4235-1-780x525.jpg","img_780_525-width":780,"img_780_525-height":525,"full_hd":"https:\/\/csenigma.pl\/wp-content\/uploads\/2023\/02\/LGD_4235-1-1920x1080.jpg","full_hd-width":1920,"full_hd-height":1080}},{"ID":6634,"id":6634,"title":"LGD_4275","filename":"LGD_4275-scaled.jpg","filesize":717361,"url":"https:\/\/csenigma.pl\/wp-content\/uploads\/2023\/02\/LGD_4275-scaled.jpg","link":"https:\/\/csenigma.pl\/de\/centrum-szyfrow\/dostepnosc\/lgd_4275-2\/","alt":"","author":"13","description":"","caption":"fot. \u0141ukasz Gdak\/PCD","name":"lgd_4275-2","status":"inherit","uploaded_to":727,"date":"2023-02-17 07:43:31","modified":"2023-02-20 10:46:18","menu_order":0,"mime_type":"image\/jpeg","type":"image","subtype":"jpeg","icon":"https:\/\/csenigma.pl\/wp-includes\/images\/media\/default.png","width":2560,"height":1707,"sizes":{"thumbnail":"https:\/\/csenigma.pl\/wp-content\/uploads\/2023\/02\/LGD_4275-150x100.jpg","thumbnail-width":150,"thumbnail-height":100,"medium":"https:\/\/csenigma.pl\/wp-content\/uploads\/2023\/02\/LGD_4275-300x200.jpg","medium-width":300,"medium-height":200,"medium_large":"https:\/\/csenigma.pl\/wp-content\/uploads\/2023\/02\/LGD_4275-768x512.jpg","medium_large-width":768,"medium_large-height":512,"large":"https:\/\/csenigma.pl\/wp-content\/uploads\/2023\/02\/LGD_4275-1024x683.jpg","large-width":1024,"large-height":683,"1536x1536":"https:\/\/csenigma.pl\/wp-content\/uploads\/2023\/02\/LGD_4275-1536x1024.jpg","1536x1536-width":1536,"1536x1536-height":1024,"2048x2048":"https:\/\/csenigma.pl\/wp-content\/uploads\/2023\/02\/LGD_4275-2048x1365.jpg","2048x2048-width":2048,"2048x2048-height":1365,"img_450_240":"https:\/\/csenigma.pl\/wp-content\/uploads\/2023\/02\/LGD_4275-450x240.jpg","img_450_240-width":450,"img_450_240-height":240,"img_780_525":"https:\/\/csenigma.pl\/wp-content\/uploads\/2023\/02\/LGD_4275-780x525.jpg","img_780_525-width":780,"img_780_525-height":525,"full_hd":"https:\/\/csenigma.pl\/wp-content\/uploads\/2023\/02\/LGD_4275-1920x1080.jpg","full_hd-width":1920,"full_hd-height":1080}},{"ID":6629,"id":6629,"title":"LGD_4272","filename":"LGD_4272-scaled.jpg","filesize":632171,"url":"https:\/\/csenigma.pl\/wp-content\/uploads\/2023\/02\/LGD_4272-scaled.jpg","link":"https:\/\/csenigma.pl\/de\/centrum-szyfrow\/dostepnosc\/lgd_4272-2\/","alt":"","author":"13","description":"","caption":"","name":"lgd_4272-2","status":"inherit","uploaded_to":727,"date":"2023-02-17 07:43:21","modified":"2023-02-17 07:43:21","menu_order":0,"mime_type":"image\/jpeg","type":"image","subtype":"jpeg","icon":"https:\/\/csenigma.pl\/wp-includes\/images\/media\/default.png","width":2560,"height":1707,"sizes":{"thumbnail":"https:\/\/csenigma.pl\/wp-content\/uploads\/2023\/02\/LGD_4272-150x100.jpg","thumbnail-width":150,"thumbnail-height":100,"medium":"https:\/\/csenigma.pl\/wp-content\/uploads\/2023\/02\/LGD_4272-300x200.jpg","medium-width":300,"medium-height":200,"medium_large":"https:\/\/csenigma.pl\/wp-content\/uploads\/2023\/02\/LGD_4272-768x512.jpg","medium_large-width":768,"medium_large-height":512,"large":"https:\/\/csenigma.pl\/wp-content\/uploads\/2023\/02\/LGD_4272-1024x683.jpg","large-width":1024,"large-height":683,"1536x1536":"https:\/\/csenigma.pl\/wp-content\/uploads\/2023\/02\/LGD_4272-1536x1024.jpg","1536x1536-width":1536,"1536x1536-height":1024,"2048x2048":"https:\/\/csenigma.pl\/wp-content\/uploads\/2023\/02\/LGD_4272-2048x1365.jpg","2048x2048-width":2048,"2048x2048-height":1365,"img_450_240":"https:\/\/csenigma.pl\/wp-content\/uploads\/2023\/02\/LGD_4272-450x240.jpg","img_450_240-width":450,"img_450_240-height":240,"img_780_525":"https:\/\/csenigma.pl\/wp-content\/uploads\/2023\/02\/LGD_4272-780x525.jpg","img_780_525-width":780,"img_780_525-height":525,"full_hd":"https:\/\/csenigma.pl\/wp-content\/uploads\/2023\/02\/LGD_4272-1920x1080.jpg","full_hd-width":1920,"full_hd-height":1080}},{"ID":6639,"id":6639,"title":"LGD_8138","filename":"LGD_8138-scaled.jpg","filesize":499350,"url":"https:\/\/csenigma.pl\/wp-content\/uploads\/2023\/02\/LGD_8138-scaled.jpg","link":"https:\/\/csenigma.pl\/de\/centrum-szyfrow\/dostepnosc\/lgd_8138-2-2\/","alt":"","author":"13","description":"","caption":"","name":"lgd_8138-2-2","status":"inherit","uploaded_to":727,"date":"2023-02-17 07:43:41","modified":"2023-05-31 07:57:04","menu_order":0,"mime_type":"image\/jpeg","type":"image","subtype":"jpeg","icon":"https:\/\/csenigma.pl\/wp-includes\/images\/media\/default.png","width":2560,"height":1707,"sizes":{"thumbnail":"https:\/\/csenigma.pl\/wp-content\/uploads\/2023\/02\/LGD_8138-150x100.jpg","thumbnail-width":150,"thumbnail-height":100,"medium":"https:\/\/csenigma.pl\/wp-content\/uploads\/2023\/02\/LGD_8138-300x200.jpg","medium-width":300,"medium-height":200,"medium_large":"https:\/\/csenigma.pl\/wp-content\/uploads\/2023\/02\/LGD_8138-768x512.jpg","medium_large-width":768,"medium_large-height":512,"large":"https:\/\/csenigma.pl\/wp-content\/uploads\/2023\/02\/LGD_8138-1024x683.jpg","large-width":1024,"large-height":683,"1536x1536":"https:\/\/csenigma.pl\/wp-content\/uploads\/2023\/02\/LGD_8138-1536x1024.jpg","1536x1536-width":1536,"1536x1536-height":1024,"2048x2048":"https:\/\/csenigma.pl\/wp-content\/uploads\/2023\/02\/LGD_8138-2048x1365.jpg","2048x2048-width":2048,"2048x2048-height":1365,"img_450_240":"https:\/\/csenigma.pl\/wp-content\/uploads\/2023\/02\/LGD_8138-450x240.jpg","img_450_240-width":450,"img_450_240-height":240,"img_780_525":"https:\/\/csenigma.pl\/wp-content\/uploads\/2023\/02\/LGD_8138-780x525.jpg","img_780_525-width":780,"img_780_525-height":525,"full_hd":"https:\/\/csenigma.pl\/wp-content\/uploads\/2023\/02\/LGD_8138-1920x1080.jpg","full_hd-width":1920,"full_hd-height":1080}},{"ID":6780,"id":6780,"title":"LGD_8585","filename":"LGD_8585-scaled.jpg","filesize":536660,"url":"https:\/\/csenigma.pl\/wp-content\/uploads\/2023\/02\/LGD_8585-scaled.jpg","link":"https:\/\/csenigma.pl\/de\/centrum-szyfrow\/dostepnosc\/lgd_8585-2\/","alt":"","author":"13","description":"","caption":"","name":"lgd_8585-2","status":"inherit","uploaded_to":727,"date":"2023-02-23 09:58:35","modified":"2023-02-23 09:58:35","menu_order":0,"mime_type":"image\/jpeg","type":"image","subtype":"jpeg","icon":"https:\/\/csenigma.pl\/wp-includes\/images\/media\/default.png","width":2560,"height":1707,"sizes":{"thumbnail":"https:\/\/csenigma.pl\/wp-content\/uploads\/2023\/02\/LGD_8585-150x100.jpg","thumbnail-width":150,"thumbnail-height":100,"medium":"https:\/\/csenigma.pl\/wp-content\/uploads\/2023\/02\/LGD_8585-300x200.jpg","medium-width":300,"medium-height":200,"medium_large":"https:\/\/csenigma.pl\/wp-content\/uploads\/2023\/02\/LGD_8585-768x512.jpg","medium_large-width":768,"medium_large-height":512,"large":"https:\/\/csenigma.pl\/wp-content\/uploads\/2023\/02\/LGD_8585-1024x683.jpg","large-width":1024,"large-height":683,"1536x1536":"https:\/\/csenigma.pl\/wp-content\/uploads\/2023\/02\/LGD_8585-1536x1024.jpg","1536x1536-width":1536,"1536x1536-height":1024,"2048x2048":"https:\/\/csenigma.pl\/wp-content\/uploads\/2023\/02\/LGD_8585-2048x1365.jpg","2048x2048-width":2048,"2048x2048-height":1365,"img_450_240":"https:\/\/csenigma.pl\/wp-content\/uploads\/2023\/02\/LGD_8585-450x240.jpg","img_450_240-width":450,"img_450_240-height":240,"img_780_525":"https:\/\/csenigma.pl\/wp-content\/uploads\/2023\/02\/LGD_8585-780x525.jpg","img_780_525-width":780,"img_780_525-height":525,"full_hd":"https:\/\/csenigma.pl\/wp-content\/uploads\/2023\/02\/LGD_8585-1920x1080.jpg","full_hd-width":1920,"full_hd-height":1080}}]}],"anchor_menu":false},"parentTitle":"Chiffrenzentrum Enigma","sibilings":[{"title":"Zug\u00e4nglichkeit","url":"https:\/\/csenigma.pl\/de\/centrum-szyfrow\/dostepnosc\/","slug":"dostepnosc"},{"title":"Ausstellung","url":"https:\/\/csenigma.pl\/de\/centrum-szyfrow\/ekspozycja\/","slug":"ekspozycja"},{"title":"Unser Leitbild","url":"https:\/\/csenigma.pl\/de\/centrum-szyfrow\/idea-centrum\/","slug":"idea-centrum"}],"_links":{"self":[{"href":"https:\/\/csenigma.pl\/de\/wp-json\/wp\/v2\/pages\/727","targetHints":{"allow":["GET"]}}],"collection":[{"href":"https:\/\/csenigma.pl\/de\/wp-json\/wp\/v2\/pages"}],"about":[{"href":"https:\/\/csenigma.pl\/de\/wp-json\/wp\/v2\/types\/page"}],"author":[{"embeddable":true,"href":"https:\/\/csenigma.pl\/de\/wp-json\/wp\/v2\/users\/1"}],"replies":[{"embeddable":true,"href":"https:\/\/csenigma.pl\/de\/wp-json\/wp\/v2\/comments?post=727"}],"version-history":[{"count":25,"href":"https:\/\/csenigma.pl\/de\/wp-json\/wp\/v2\/pages\/727\/revisions"}],"predecessor-version":[{"id":15727,"href":"https:\/\/csenigma.pl\/de\/wp-json\/wp\/v2\/pages\/727\/revisions\/15727"}],"up":[{"embeddable":true,"href":"https:\/\/csenigma.pl\/de\/wp-json\/wp\/v2\/pages\/547"}],"wp:attachment":[{"href":"https:\/\/csenigma.pl\/de\/wp-json\/wp\/v2\/media?parent=727"}],"curies":[{"name":"wp","href":"https:\/\/api.w.org\/{rel}","templated":true}]}}