{"id":7712,"date":"2023-04-24T13:31:06","date_gmt":"2023-04-24T11:31:06","guid":{"rendered":"https:\/\/csenigma.pl\/?page_id=7712"},"modified":"2025-02-18T08:42:45","modified_gmt":"2025-02-18T07:42:45","slug":"zugaenglichkeitserklaerung","status":"publish","type":"page","link":"https:\/\/csenigma.pl\/de\/zugaenglichkeitserklaerung\/","title":{"rendered":"Zug\u00e4nglichkeitserkl\u00e4rung"},"content":{"rendered":"","protected":false},"excerpt":{"rendered":"","protected":false},"author":13,"featured_media":0,"parent":0,"menu_order":0,"comment_status":"closed","ping_status":"closed","template":"","meta":{"_acf_changed":false,"footnotes":""},"class_list":["post-7712","page","type-page","status-publish","hentry"],"acf":{"sections":[{"acf_fc_layout":"section_100","bg":"","title":"Zug\u00e4nglichkeitserkl\u00e4rung","font_size":"20","text":"<p>Das Posener Zentrum der Kulturerbe verpflichtet sich, die Zug\u00e4nglichkeit ihrer Website gem\u00e4\u00df den Bestimmungen des Gesetzes vom 4. April 2019 \u00fcber die digitale Zug\u00e4nglichkeit von Websites und mobilen Anwendungen \u00f6ffentlicher Einrichtungen zu gew\u00e4hrleisten. Die Zug\u00e4nglichkeitserkl\u00e4rung gilt f\u00fcr die Website von Centrum Szyfr\u00f3w Enigma.<\/p>\n"},{"acf_fc_layout":"section_100","bg":"","title":"Datum der Publikation und Aktualisierung","font_size":"20","text":"<p>Datum der Ver\u00f6ffentlichung der Webseite 2021-08-25<\/p>\n<p>Datum des letzten gro\u00dfen Updates: 2021-08-26<\/p>\n"},{"acf_fc_layout":"section_100","bg":"","title":"Status der \u00dcbereinstimmung mit dem Gesetz","font_size":"20","text":"<p>Aufgrund der unten aufgef\u00fchrten Unvereinbarkeiten oder Ausnahmen entspricht die Webseite dem Gesetz vom 4. April 2019 \u00fcber die digitale Zug\u00e4nglichkeit von Websites und mobilen Anwendungen \u00f6ffentlicher Einrichtungen:<\/p>\n<ul>\n<li>keine ver\u00f6ffentlichte und digital zug\u00e4ngliche Sitemap,<\/li>\n<li>es gibt keine entsprechende Header-Struktur f\u00fcr Artikel in einigen Bereichen der Webseite,<\/li>\n<li>erschwerte Bedienung von Schl\u00fcsselfunktionen der Service \u00fcber die Tastatur, darunter einiger Men\u00fcbereiche,<\/li>\n<li>es gibt keine definierten \u201eFocus\u201c-Attribute f\u00fcr interaktive Elemente sowie keine Bl\u00f6cke f\u00fcr Ignorieren der Webinhalte, was den blinden und sehbehinderten Menschen die Bedienung der Webseite erschwert.<\/li>\n<li>Das Service beinhaltet PDF-Dokumente, die Probleme beim Vorlesen mit Screenreader bereiten k\u00f6nnen. Wir bem\u00fchen uns, die Verwendung solcher Dateien auf ein Minimum zu begrenzen und mit der Entwicklung der Webseite deren Inhalte direkt im Service zu platzieren.<\/li>\n<\/ul>\n<p>Datum der Erstellung der Erkl\u00e4rung: 2021-08-25<\/p>\n<p>Datum der letzten Pr\u00fcfung und Aktualisierung der Erkl\u00e4rung: 2025-02-18<\/p>\n"},{"acf_fc_layout":"section_100","bg":"","title":"Tastenkombinationen","font_size":"20","text":"<p>Die Webseite ist mit keinen Tastenkombinationen versehen, die mit den assistierenden Technologien (z.B.mit Leseprogrammen, Systemen oder Applikationen der Nutzer ) in Konflikt stehen k\u00f6nnten.<\/p>\n<p>Es k\u00f6nnen Statndar-Tastenkombinationen benutzt werden.<\/p>\n"},{"acf_fc_layout":"section_100","bg":"","title":"Feedback und Kontaktdaten","font_size":"20","text":"<p>Bei Problemen mit der Verf\u00fcgbarkeit der Webseite kontaktieren Sie uns bitte.<\/p>\n<p>Kontaktperson ist Lucyna Kaczmarkiewicz, lucyna.kaczmarkiewicz[at]pcd.poznan.pl.<\/p>\n<p>Sie k\u00f6nnen uns auch fernm\u00fcndlich unter der Telefonnummer 61 647 7627 erreichen. Auf dem gleichen Weg k\u00f6nnen Antr\u00e4ge auf Zurverf\u00fcgungstellung von unzug\u00e4nglichen Informationen gestellt und die Gew\u00e4hrung des Zugangs angefordert werden.<\/p>\n<p>Jeder hat Recht, den Zugang zur digitalen Webseite, mobilen Applikation oder eines Elements von diesen anzufordern.<\/p>\n<p>&nbsp;<\/p>\n<p>Es kann auch die Gew\u00e4hrung des Zugangs zu Informationen \u00fcber alternative Zugangsmethoden angefordert werden, z.B. \u00fcber Lesen eines digital nicht verf\u00fcgbaren Dokuments, Beschreibung des Films ohne Audiodeskription usw. Die Aufforderung hat die Angaben zur Person der\/s Anmeldenden, zur gegenst\u00e4ndlichen Webseite und mobilen Applikation und zur Art des Kontakts zu enthalten. Falls die anfordernde Person Informationen \u00fcber alternative Zugangsmethode bekommen m\u00f6chte, hat sie auch die Art und Weise zu bezeichnen, auf welche die von ihr angeforderte Information dargestellt werden soll.<\/p>\n<p>Eine \u00f6ffentliche Einrichtung hat die Aufforderung unverz\u00fcglich, jedoch nicht sp\u00e4ter als innerhalb von 7 Tagen ab Aufforderung zu erledigen. Ist die Einhaltung dieser Frist nicht m\u00f6glich, so wird die \u00f6ffentliche Einrichtung die anfordernde Person \u00fcber den Termin der m\u00f6glichen Erledigung der Anforderung in Kenntnis setzen, wobei der Termin nicht l\u00e4nger als 2 Monate ab dem Tag der Stellung der Anforderung sein kann. Ist die Gew\u00e4hrung der digitalen Zug\u00e4nglichkeit nicht m\u00f6glich, so kann die \u00f6ffentliche Einrichtung einen alternativen Zugang zur Information vorschlagen.<\/p>\n<p>Verweigert die \u00f6ffentliche Einrichtung die Erledigung der Anforderung zur Gew\u00e4hrung des Zug\u00e4nglichkeit oder eines alternativen Zugangs zu Informationen, so kann die anfordernde Person eine Beschwerde wegen Ablehnung des Zugangs zur Webseite, mobilen Applikation oder eines Elements der Webseite einreichen. Nach Aussch\u00f6pfen dieser Prozedur kann ein Antrag an den B\u00fcrgerbeauftragter gestellt werden.<\/p>\n<p>Link zur Webseite des B\u00fcrgerbeauftragters: <a href=\"https:\/\/bip.brpo.gov.pl\/pl\">Rzecznik Praw Obywatelskich<\/a><\/p>\n"},{"acf_fc_layout":"section_100","bg":"","title":"Architektur der Zug\u00e4nglichkeit:","font_size":"20","text":"<p>Das Zentrum k\u00f6nne Sie von der \u015aw. Marcin-Str. oder Ko\u015bciuszki-Str. erreichen. Von der \u015aw. Marcin-Str. gibt es 4 Treppenstufen, ein breites Podest und 8 Treppenstufen. Linksseitig neben der Treppe befindet sich eine waagerechte Plattform f\u00fcr max. 3 Personen (Tragf\u00e4higkeit der Plattform betr\u00e4gt 385 kg) Doppelt\u00fcr werden automatisch nach au\u00dfen ge\u00f6ffnet. Ihre Breite betr\u00e4gt 1,80 m. Eingang von der Ko\u015bciuszki-Str. befindet sich im Innenhof hinter dem Tor. Rechtsseitig befindet sich die T\u00fcr zur Garderobe, dann zum Eingangsbereich. Ihre Breite betr\u00e4gt 90 cm, vor der T\u00fcr gibt es eine 20 cm hohe Schwelle, dahinter die Flur und Treppe nach oben (13 Treppenstufen). Tiefer im Innenhof, rechtsseitig befindet sich eine 1,6 m breite T\u00fcr, hinter der sich rechtsseitig ein Aufzug zum Eingangsbereich und zu allen Etagen und Halbetagen befindet Hier gibt es keine Schwellen. Hinter dem Aufzug befinden sich behindertengerechte Toiletten. Neben jedem Eingang befindet sich ein TOTUPoint-Zeichen. Ins Zentrum k\u00f6nnen Sie mit Ihren Assistenzhund mitbringen.<\/p>\n<p>In der Eingangszone befindet sich Treppe zu Etagen und Halbetagen. Die Breite der mittleren Treppe (13 Treppenstufen) betr\u00e4gt 5,90 m, der seitlichen Treppe &#8211;<\/p>\n<p>2,60 m (12 Treppenstufen). Es wird empfohlen, den Aufzug linksseitig der Treppe zu benutzen. Dadurch k\u00f6nnen Sie die einzelnen Etagen des Geb\u00e4udes erreichen.<\/p>\n<p>Im Zentrum befinden sich 4 behindertengerechte Toiletten. Man\u00f6verfl\u00e4che betr\u00e4gt ca. 170 cm x 170 cm. Garderobe befindet sich auf Niveau 1 &#8211; dort f\u00fchren 1,6 m breite Treppe (13 Treppenstufen). Um nicht zur Garderobe gehen zu m\u00fcssen, k\u00f6nnen Sie die neben der Kassen befindlichen Schr\u00e4nke nutzen. In der Kasse k\u00f6nnen Sie einen Rehabilitationswagen, eine Babytrage und L\u00e4rmschutz-Kopfh\u00f6rer f\u00fcr Kinder verleihen.<\/p>\n<p>In Visitor Centre k\u00f6nnen Sie Audiof\u00fchrer f\u00fcr die Zwecke des Besuchs der Ausstellung verleihen, die auch in der Version mit Audiodeskription und Navigationshinweisen erh\u00e4ltlich sind.<\/p>\n<p>In den Ausstellungsr\u00e4umen befindet sich ein Beruhigungsraum. Die Ausstellung ist frei von architektonischen Barrieren. Ausgew\u00e4hlte R\u00e4umlichkeiten befinden sich auf niedrigeren Etagen. Den Raum mit dem U-Boot erreichen Sie \u00fcber Treppe mit 8 Treppenstufen; hier gibt es ein waagerechtes Plattform f\u00fcr max. 3 Personen (die Tragf\u00e4higkeit der Plattform betr\u00e4gt 385 kg). \u0141owmia\u0144ski-Aula erreichen Sie \u00fcber 4 Treppenstufen. Hier gibt es eine mit Gel\u00e4nder ausgestattete, 8 m lange, 1 m breite Rampe. Vor und hinter der Treppe und der Rampe wurden Warnfelder angebracht. Der untere Rand von Tastbildschirmen und Tischplatten befinden sich auf einer H\u00f6he von 80 cm.<\/p>\n<p>Auf 2 Etage, auf dem Balkon befindet sich Mediathek. Sie kann \u00fcber die Haupttreppe oder \u00fcber den Aufzug erreicht werden.<\/p>\n"},{"acf_fc_layout":"section_100","bg":"","title":"Zus\u00e4tzliche Informationen","font_size":"20","text":"<p>Mehrere Informationen \u00fcber Zug\u00e4nglichkeit finden Sie im Lesezeichen Zug\u00e4nglichkeit: <a href=\"https:\/\/csenigma.pl\/de\/centrum-szyfrow\/dostepnosc\/\">https:\/\/csenigma.pl\/de\/centrum-szyfrow\/dostepnosc\/<\/a><\/p>\n"}],"anchor_menu":false},"parentTitle":null,"sibilings":null,"_links":{"self":[{"href":"https:\/\/csenigma.pl\/de\/wp-json\/wp\/v2\/pages\/7712","targetHints":{"allow":["GET"]}}],"collection":[{"href":"https:\/\/csenigma.pl\/de\/wp-json\/wp\/v2\/pages"}],"about":[{"href":"https:\/\/csenigma.pl\/de\/wp-json\/wp\/v2\/types\/page"}],"author":[{"embeddable":true,"href":"https:\/\/csenigma.pl\/de\/wp-json\/wp\/v2\/users\/13"}],"replies":[{"embeddable":true,"href":"https:\/\/csenigma.pl\/de\/wp-json\/wp\/v2\/comments?post=7712"}],"version-history":[{"count":4,"href":"https:\/\/csenigma.pl\/de\/wp-json\/wp\/v2\/pages\/7712\/revisions"}],"predecessor-version":[{"id":15722,"href":"https:\/\/csenigma.pl\/de\/wp-json\/wp\/v2\/pages\/7712\/revisions\/15722"}],"wp:attachment":[{"href":"https:\/\/csenigma.pl\/de\/wp-json\/wp\/v2\/media?parent=7712"}],"curies":[{"name":"wp","href":"https:\/\/api.w.org\/{rel}","templated":true}]}}