{"id":13102,"date":"2021-07-01T14:19:56","date_gmt":"2021-07-01T12:19:56","guid":{"rendered":"https:\/\/csenigma.pl\/?page_id=13102"},"modified":"2024-08-08T12:43:48","modified_gmt":"2024-08-08T10:43:48","slug":"history-of-the-building","status":"publish","type":"page","link":"https:\/\/csenigma.pl\/en\/cipher-centre\/historia\/history-of-the-building\/","title":{"rendered":"History of the building"},"content":{"rendered":"","protected":false},"excerpt":{"rendered":"","protected":false},"author":1,"featured_media":447,"parent":688,"menu_order":0,"comment_status":"closed","ping_status":"closed","template":"template-history.php","meta":{"_acf_changed":false,"footnotes":""},"class_list":["post-13102","page","type-page","status-publish","has-post-thumbnail","hentry"],"acf":{"sections":[{"acf_fc_layout":"section_100","title":"History of the building","font_size":"26","text":"<p><strong>The biography of this place is a story about two different buildings connected by the fact that they both witnessed events from the local and world history. One of them is the building of the Prussian military supply depot where the Enigma codebreakers began their battle with ciphers. The other building is the headquarters of the Regional Committee of the Polish United Workers\u2019 Party \u2013 the so-called Party\u2019s House \u2013 where the events of the Pozna\u0144 protests in June 1956 and the political transformation of 1989-1990 took place. It was later turned into the seat of the Faculty of History of Adam Mickiewicz University.<\/strong><\/p>\n"},{"acf_fc_layout":"img","img":{"ID":441,"id":441,"title":"history1","filename":"history1.png","filesize":2657700,"url":"https:\/\/csenigma.pl\/wp-content\/uploads\/2021\/07\/history1.png","link":"https:\/\/csenigma.pl\/en\/cipher-centre\/historia\/history-of-the-building\/history1\/","alt":"","author":"1","description":"","caption":"","name":"history1","status":"inherit","uploaded_to":13102,"date":"2021-07-01 12:53:20","modified":"2021-08-19 11:34:27","menu_order":0,"mime_type":"image\/png","type":"image","subtype":"png","icon":"https:\/\/csenigma.pl\/wp-includes\/images\/media\/default.png","width":1440,"height":819,"sizes":{"thumbnail":"https:\/\/csenigma.pl\/wp-content\/uploads\/2021\/07\/history1-150x150.png","thumbnail-width":150,"thumbnail-height":150,"medium":"https:\/\/csenigma.pl\/wp-content\/uploads\/2021\/07\/history1-300x171.png","medium-width":300,"medium-height":171,"medium_large":"https:\/\/csenigma.pl\/wp-content\/uploads\/2021\/07\/history1-768x437.png","medium_large-width":768,"medium_large-height":437,"large":"https:\/\/csenigma.pl\/wp-content\/uploads\/2021\/07\/history1-1024x582.png","large-width":1024,"large-height":582,"1536x1536":"https:\/\/csenigma.pl\/wp-content\/uploads\/2021\/07\/history1.png","1536x1536-width":1440,"1536x1536-height":819,"2048x2048":"https:\/\/csenigma.pl\/wp-content\/uploads\/2021\/07\/history1.png","2048x2048-width":1440,"2048x2048-height":819,"img_450_240":"https:\/\/csenigma.pl\/wp-content\/uploads\/2021\/07\/history1-450x240.png","img_450_240-width":450,"img_450_240-height":240,"img_780_525":"https:\/\/csenigma.pl\/wp-content\/uploads\/2021\/07\/history1-780x525.png","img_780_525-width":780,"img_780_525-height":525,"full_hd":"https:\/\/csenigma.pl\/wp-content\/uploads\/2021\/07\/history1.png","full_hd-width":1440,"full_hd-height":819}},"img_caption":""},{"acf_fc_layout":"calendar","calendar":[{"year":"1847","title":"The building \u2013 one of a kind in the neighbourhood","text":"<p>It is 1847. The construction of the building of the so-called military supply depot at the corner of ul. \u015awi\u0119ty Marcin and ul. Wa\u0142owa (today\u2019s ul. Ko\u015bciuszki) has just been completed. The building resembled medieval fortifications and housed the headquarters of the quartermaster, which provided supplies for the Prussian Army in Pozna\u0144. For a long time no other building could match this one. During the development of the construction market after 1871, new, multi-storey tenement houses with hotels emerged at ul. \u015awi\u0119ty Marcin. However, the real breakthrough came at the beginning of the 20<sup>th<\/sup> century when the western part of the Pozna\u0144 Fortress, which impeded the development of the city, was pulled down. It was then that the work on the construction of the monumental Imperial Castle, opposite the building of the military supply depot, commenced. The Castle began to dominate the new, glamorous district.<\/p>\n","img":false},{"year":"1918","title":"This is where the undercover war of the brilliant minds began","text":"<p>After 1918 the building of the military supply depot, also called Military Office, was still used by the army. This time, however, it was the Polish Army. It housed the headquarters of the 14<sup>th<\/sup> Wielkopolska Infantry Division. The nearby Castle was turned from the seat of Kaiser into the residence of the President of Poland. Part of the building was given to the University of Pozna\u0144. It was there, at the Department of Mathematics and Philosophy, that in 1929 the candidates for a secret course on cryptology organised by the Polish secret intelligence were selected from the best students of mathematics. These students were Marian Rejewski, Henryk Zygalski and Jerzy R\u00f3\u017cycki. They joined a branch of the Polish Cipher Bureau, which had its headquarters in the basement of the building of the military supply depot. It was there that at the turn of the 1920s and the 1930s these brilliant mathematicians began their work as cryptologists. The experience they gained there contributed to their success in breaking the code of the German Enigma machine in 1932 in Warsaw.<\/p>\n","img":false},{"year":"1945","title":"New authorities, new building","text":"<p>After the Battle of Pozna\u0144 (January-February 1945), the military authorities decided to rebuild the destroyed military supply depot. The work soon ceased, however, because the plans for the building changed. Due to its prestigious location in the city centre, the authorities reached the decision to build there the headquarters of the Regional Committee of the Polish United Workers\u2019 Party. The modernist building, designed by a renowned urban planner and architect W\u0142adys\u0142aw Czarnecki, was built in 1948-1950. It was one of the most impressive new seats of the Party in Poland. It was here that regional secretaries would reside. Here the regional party apparatus operated, plenary meetings took place and courses on Marxism and Leninism were organised.<\/p>\n","img":false},{"year":"1956","title":"Sudden plot twists","text":"<p>During the Pozna\u0144 protests of 1956 some of the protesters stormed the building. Banners were hanged and propaganda materials were removed but the building itself was not vandalised. The second extraordinary event in the history of the building took place in January 1990 when a group of students from the Independent Students\u2019 Association began to occupy it, demanding it to be handed over for public benefit. The authorities gave in to their demands and up to 2015 the building functioned as Collegium Historicum of Adam Mickiewicz University. Generations of future historians, archaeologists and ethnologists were taught there. Three years after the Faculty of History was moved to Morasko in 2015, the building was renamed Collegium Martineum. Today it houses the Enigma Cipher Centre, a multimedia library documenting the history of the place as well as institutions belonging to the University such as Bilingualism Matters managed by the Faculty of English.<\/p>\n","img":false}]},{"acf_fc_layout":"gallery","gallery":[{"ID":317,"id":317,"title":"3_1_0_8_6310_1_1_222293","filename":"3_1_0_8_6310_1_1_222293-scaled.jpg","filesize":399356,"url":"https:\/\/csenigma.pl\/wp-content\/uploads\/2021\/07\/3_1_0_8_6310_1_1_222293-scaled.jpg","link":"https:\/\/csenigma.pl\/en\/cipher-centre\/historia\/history-of-the-building\/3_1_0_8_6310_1_1_222293\/","alt":"","author":"1","description":"","caption":"test","name":"3_1_0_8_6310_1_1_222293","status":"inherit","uploaded_to":13102,"date":"2021-07-06 15:18:36","modified":"2021-08-19 11:34:24","menu_order":0,"mime_type":"image\/jpeg","type":"image","subtype":"jpeg","icon":"https:\/\/csenigma.pl\/wp-includes\/images\/media\/default.png","width":2560,"height":1998,"sizes":{"thumbnail":"https:\/\/csenigma.pl\/wp-content\/uploads\/2021\/07\/3_1_0_8_6310_1_1_222293-150x150.jpg","thumbnail-width":150,"thumbnail-height":150,"medium":"https:\/\/csenigma.pl\/wp-content\/uploads\/2021\/07\/3_1_0_8_6310_1_1_222293-300x234.jpg","medium-width":300,"medium-height":234,"medium_large":"https:\/\/csenigma.pl\/wp-content\/uploads\/2021\/07\/3_1_0_8_6310_1_1_222293-768x599.jpg","medium_large-width":768,"medium_large-height":599,"large":"https:\/\/csenigma.pl\/wp-content\/uploads\/2021\/07\/3_1_0_8_6310_1_1_222293-1024x799.jpg","large-width":1024,"large-height":799,"1536x1536":"https:\/\/csenigma.pl\/wp-content\/uploads\/2021\/07\/3_1_0_8_6310_1_1_222293-1536x1199.jpg","1536x1536-width":1536,"1536x1536-height":1199,"2048x2048":"https:\/\/csenigma.pl\/wp-content\/uploads\/2021\/07\/3_1_0_8_6310_1_1_222293-2048x1599.jpg","2048x2048-width":2048,"2048x2048-height":1599,"img_450_240":"https:\/\/csenigma.pl\/wp-content\/uploads\/2021\/07\/3_1_0_8_6310_1_1_222293-450x240.jpg","img_450_240-width":450,"img_450_240-height":240,"img_780_525":"https:\/\/csenigma.pl\/wp-content\/uploads\/2021\/07\/3_1_0_8_6310_1_1_222293-780x525.jpg","img_780_525-width":780,"img_780_525-height":525,"full_hd":"https:\/\/csenigma.pl\/wp-content\/uploads\/2021\/07\/3_1_0_8_6310_1_1_222293-1920x1080.jpg","full_hd-width":1920,"full_hd-height":1080}},{"ID":319,"id":319,"title":"pozna_24422556308_o","filename":"pozna_24422556308_o.jpg","filesize":588461,"url":"https:\/\/csenigma.pl\/wp-content\/uploads\/2021\/07\/pozna_24422556308_o.jpg","link":"https:\/\/csenigma.pl\/en\/cipher-centre\/historia\/history-of-the-building\/pozna_24422556308_o\/","alt":"","author":"1","description":"","caption":"","name":"pozna_24422556308_o","status":"inherit","uploaded_to":13102,"date":"2021-07-06 15:18:49","modified":"2021-08-19 11:34:24","menu_order":0,"mime_type":"image\/jpeg","type":"image","subtype":"jpeg","icon":"https:\/\/csenigma.pl\/wp-includes\/images\/media\/default.png","width":1500,"height":976,"sizes":{"thumbnail":"https:\/\/csenigma.pl\/wp-content\/uploads\/2021\/07\/pozna_24422556308_o-150x150.jpg","thumbnail-width":150,"thumbnail-height":150,"medium":"https:\/\/csenigma.pl\/wp-content\/uploads\/2021\/07\/pozna_24422556308_o-300x195.jpg","medium-width":300,"medium-height":195,"medium_large":"https:\/\/csenigma.pl\/wp-content\/uploads\/2021\/07\/pozna_24422556308_o-768x500.jpg","medium_large-width":768,"medium_large-height":500,"large":"https:\/\/csenigma.pl\/wp-content\/uploads\/2021\/07\/pozna_24422556308_o-1024x666.jpg","large-width":1024,"large-height":666,"1536x1536":"https:\/\/csenigma.pl\/wp-content\/uploads\/2021\/07\/pozna_24422556308_o.jpg","1536x1536-width":1500,"1536x1536-height":976,"2048x2048":"https:\/\/csenigma.pl\/wp-content\/uploads\/2021\/07\/pozna_24422556308_o.jpg","2048x2048-width":1500,"2048x2048-height":976,"img_450_240":"https:\/\/csenigma.pl\/wp-content\/uploads\/2021\/07\/pozna_24422556308_o-450x240.jpg","img_450_240-width":450,"img_450_240-height":240,"img_780_525":"https:\/\/csenigma.pl\/wp-content\/uploads\/2021\/07\/pozna_24422556308_o-780x525.jpg","img_780_525-width":780,"img_780_525-height":525,"full_hd":"https:\/\/csenigma.pl\/wp-content\/uploads\/2021\/07\/pozna_24422556308_o.jpg","full_hd-width":1500,"full_hd-height":976}},{"ID":321,"id":321,"title":"pozna_24422575748_o","filename":"pozna_24422575748_o.jpg","filesize":481595,"url":"https:\/\/csenigma.pl\/wp-content\/uploads\/2021\/07\/pozna_24422575748_o.jpg","link":"https:\/\/csenigma.pl\/en\/cipher-centre\/historia\/history-of-the-building\/pozna_24422575748_o\/","alt":"","author":"1","description":"","caption":"","name":"pozna_24422575748_o","status":"inherit","uploaded_to":13102,"date":"2021-07-06 15:18:52","modified":"2021-08-19 11:34:24","menu_order":0,"mime_type":"image\/jpeg","type":"image","subtype":"jpeg","icon":"https:\/\/csenigma.pl\/wp-includes\/images\/media\/default.png","width":1500,"height":1014,"sizes":{"thumbnail":"https:\/\/csenigma.pl\/wp-content\/uploads\/2021\/07\/pozna_24422575748_o-150x150.jpg","thumbnail-width":150,"thumbnail-height":150,"medium":"https:\/\/csenigma.pl\/wp-content\/uploads\/2021\/07\/pozna_24422575748_o-300x203.jpg","medium-width":300,"medium-height":203,"medium_large":"https:\/\/csenigma.pl\/wp-content\/uploads\/2021\/07\/pozna_24422575748_o-768x519.jpg","medium_large-width":768,"medium_large-height":519,"large":"https:\/\/csenigma.pl\/wp-content\/uploads\/2021\/07\/pozna_24422575748_o-1024x692.jpg","large-width":1024,"large-height":692,"1536x1536":"https:\/\/csenigma.pl\/wp-content\/uploads\/2021\/07\/pozna_24422575748_o.jpg","1536x1536-width":1500,"1536x1536-height":1014,"2048x2048":"https:\/\/csenigma.pl\/wp-content\/uploads\/2021\/07\/pozna_24422575748_o.jpg","2048x2048-width":1500,"2048x2048-height":1014,"img_450_240":"https:\/\/csenigma.pl\/wp-content\/uploads\/2021\/07\/pozna_24422575748_o-450x240.jpg","img_450_240-width":450,"img_450_240-height":240,"img_780_525":"https:\/\/csenigma.pl\/wp-content\/uploads\/2021\/07\/pozna_24422575748_o-780x525.jpg","img_780_525-width":780,"img_780_525-height":525,"full_hd":"https:\/\/csenigma.pl\/wp-content\/uploads\/2021\/07\/pozna_24422575748_o.jpg","full_hd-width":1500,"full_hd-height":1014}},{"ID":323,"id":323,"title":"sw-Marcin-2","filename":"sw-Marcin-2.jpg","filesize":393059,"url":"https:\/\/csenigma.pl\/wp-content\/uploads\/2021\/07\/sw-Marcin-2.jpg","link":"https:\/\/csenigma.pl\/en\/cipher-centre\/historia\/history-of-the-building\/sw-marcin-2\/","alt":"","author":"1","description":"","caption":"","name":"sw-marcin-2","status":"inherit","uploaded_to":13102,"date":"2021-07-06 15:18:56","modified":"2021-08-19 11:34:23","menu_order":0,"mime_type":"image\/jpeg","type":"image","subtype":"jpeg","icon":"https:\/\/csenigma.pl\/wp-includes\/images\/media\/default.png","width":1190,"height":720,"sizes":{"thumbnail":"https:\/\/csenigma.pl\/wp-content\/uploads\/2021\/07\/sw-Marcin-2-150x150.jpg","thumbnail-width":150,"thumbnail-height":150,"medium":"https:\/\/csenigma.pl\/wp-content\/uploads\/2021\/07\/sw-Marcin-2-300x182.jpg","medium-width":300,"medium-height":182,"medium_large":"https:\/\/csenigma.pl\/wp-content\/uploads\/2021\/07\/sw-Marcin-2-768x465.jpg","medium_large-width":768,"medium_large-height":465,"large":"https:\/\/csenigma.pl\/wp-content\/uploads\/2021\/07\/sw-Marcin-2-1024x620.jpg","large-width":1024,"large-height":620,"1536x1536":"https:\/\/csenigma.pl\/wp-content\/uploads\/2021\/07\/sw-Marcin-2.jpg","1536x1536-width":1190,"1536x1536-height":720,"2048x2048":"https:\/\/csenigma.pl\/wp-content\/uploads\/2021\/07\/sw-Marcin-2.jpg","2048x2048-width":1190,"2048x2048-height":720,"img_450_240":"https:\/\/csenigma.pl\/wp-content\/uploads\/2021\/07\/sw-Marcin-2-450x240.jpg","img_450_240-width":450,"img_450_240-height":240,"img_780_525":"https:\/\/csenigma.pl\/wp-content\/uploads\/2021\/07\/sw-Marcin-2-780x525.jpg","img_780_525-width":780,"img_780_525-height":525,"full_hd":"https:\/\/csenigma.pl\/wp-content\/uploads\/2021\/07\/sw-Marcin-2.jpg","full_hd-width":1190,"full_hd-height":720}},{"ID":325,"id":325,"title":"Wid-I-0162","filename":"Wid-I-0162.jpg","filesize":630516,"url":"https:\/\/csenigma.pl\/wp-content\/uploads\/2021\/07\/Wid-I-0162.jpg","link":"https:\/\/csenigma.pl\/en\/cipher-centre\/historia\/history-of-the-building\/wid-i-0162\/","alt":"","author":"1","description":"","caption":"","name":"wid-i-0162","status":"inherit","uploaded_to":13102,"date":"2021-07-06 15:18:59","modified":"2021-08-19 11:34:23","menu_order":0,"mime_type":"image\/jpeg","type":"image","subtype":"jpeg","icon":"https:\/\/csenigma.pl\/wp-includes\/images\/media\/default.png","width":1500,"height":953,"sizes":{"thumbnail":"https:\/\/csenigma.pl\/wp-content\/uploads\/2021\/07\/Wid-I-0162-150x150.jpg","thumbnail-width":150,"thumbnail-height":150,"medium":"https:\/\/csenigma.pl\/wp-content\/uploads\/2021\/07\/Wid-I-0162-300x191.jpg","medium-width":300,"medium-height":191,"medium_large":"https:\/\/csenigma.pl\/wp-content\/uploads\/2021\/07\/Wid-I-0162-768x488.jpg","medium_large-width":768,"medium_large-height":488,"large":"https:\/\/csenigma.pl\/wp-content\/uploads\/2021\/07\/Wid-I-0162-1024x651.jpg","large-width":1024,"large-height":651,"1536x1536":"https:\/\/csenigma.pl\/wp-content\/uploads\/2021\/07\/Wid-I-0162.jpg","1536x1536-width":1500,"1536x1536-height":953,"2048x2048":"https:\/\/csenigma.pl\/wp-content\/uploads\/2021\/07\/Wid-I-0162.jpg","2048x2048-width":1500,"2048x2048-height":953,"img_450_240":"https:\/\/csenigma.pl\/wp-content\/uploads\/2021\/07\/Wid-I-0162-450x240.jpg","img_450_240-width":450,"img_450_240-height":240,"img_780_525":"https:\/\/csenigma.pl\/wp-content\/uploads\/2021\/07\/Wid-I-0162-780x525.jpg","img_780_525-width":780,"img_780_525-height":525,"full_hd":"https:\/\/csenigma.pl\/wp-content\/uploads\/2021\/07\/Wid-I-0162.jpg","full_hd-width":1500,"full_hd-height":953}},{"ID":327,"id":327,"title":"Wid-I-0369","filename":"Wid-I-0369.jpg","filesize":485018,"url":"https:\/\/csenigma.pl\/wp-content\/uploads\/2021\/07\/Wid-I-0369.jpg","link":"https:\/\/csenigma.pl\/en\/cipher-centre\/historia\/history-of-the-building\/wid-i-0369\/","alt":"","author":"1","description":"","caption":"","name":"wid-i-0369","status":"inherit","uploaded_to":13102,"date":"2021-07-06 15:19:02","modified":"2021-08-19 11:34:23","menu_order":0,"mime_type":"image\/jpeg","type":"image","subtype":"jpeg","icon":"https:\/\/csenigma.pl\/wp-includes\/images\/media\/default.png","width":1500,"height":954,"sizes":{"thumbnail":"https:\/\/csenigma.pl\/wp-content\/uploads\/2021\/07\/Wid-I-0369-150x150.jpg","thumbnail-width":150,"thumbnail-height":150,"medium":"https:\/\/csenigma.pl\/wp-content\/uploads\/2021\/07\/Wid-I-0369-300x191.jpg","medium-width":300,"medium-height":191,"medium_large":"https:\/\/csenigma.pl\/wp-content\/uploads\/2021\/07\/Wid-I-0369-768x488.jpg","medium_large-width":768,"medium_large-height":488,"large":"https:\/\/csenigma.pl\/wp-content\/uploads\/2021\/07\/Wid-I-0369-1024x651.jpg","large-width":1024,"large-height":651,"1536x1536":"https:\/\/csenigma.pl\/wp-content\/uploads\/2021\/07\/Wid-I-0369.jpg","1536x1536-width":1500,"1536x1536-height":954,"2048x2048":"https:\/\/csenigma.pl\/wp-content\/uploads\/2021\/07\/Wid-I-0369.jpg","2048x2048-width":1500,"2048x2048-height":954,"img_450_240":"https:\/\/csenigma.pl\/wp-content\/uploads\/2021\/07\/Wid-I-0369-450x240.jpg","img_450_240-width":450,"img_450_240-height":240,"img_780_525":"https:\/\/csenigma.pl\/wp-content\/uploads\/2021\/07\/Wid-I-0369-780x525.jpg","img_780_525-width":780,"img_780_525-height":525,"full_hd":"https:\/\/csenigma.pl\/wp-content\/uploads\/2021\/07\/Wid-I-0369.jpg","full_hd-width":1500,"full_hd-height":954}},{"ID":329,"id":329,"title":"Wid-I-0865","filename":"Wid-I-0865.jpg","filesize":805528,"url":"https:\/\/csenigma.pl\/wp-content\/uploads\/2021\/07\/Wid-I-0865.jpg","link":"https:\/\/csenigma.pl\/en\/cipher-centre\/historia\/history-of-the-building\/wid-i-0865\/","alt":"","author":"1","description":"","caption":"","name":"wid-i-0865","status":"inherit","uploaded_to":13102,"date":"2021-07-06 15:19:07","modified":"2021-08-19 11:34:23","menu_order":0,"mime_type":"image\/jpeg","type":"image","subtype":"jpeg","icon":"https:\/\/csenigma.pl\/wp-includes\/images\/media\/default.png","width":1500,"height":959,"sizes":{"thumbnail":"https:\/\/csenigma.pl\/wp-content\/uploads\/2021\/07\/Wid-I-0865-150x150.jpg","thumbnail-width":150,"thumbnail-height":150,"medium":"https:\/\/csenigma.pl\/wp-content\/uploads\/2021\/07\/Wid-I-0865-300x192.jpg","medium-width":300,"medium-height":192,"medium_large":"https:\/\/csenigma.pl\/wp-content\/uploads\/2021\/07\/Wid-I-0865-768x491.jpg","medium_large-width":768,"medium_large-height":491,"large":"https:\/\/csenigma.pl\/wp-content\/uploads\/2021\/07\/Wid-I-0865-1024x655.jpg","large-width":1024,"large-height":655,"1536x1536":"https:\/\/csenigma.pl\/wp-content\/uploads\/2021\/07\/Wid-I-0865.jpg","1536x1536-width":1500,"1536x1536-height":959,"2048x2048":"https:\/\/csenigma.pl\/wp-content\/uploads\/2021\/07\/Wid-I-0865.jpg","2048x2048-width":1500,"2048x2048-height":959,"img_450_240":"https:\/\/csenigma.pl\/wp-content\/uploads\/2021\/07\/Wid-I-0865-450x240.jpg","img_450_240-width":450,"img_450_240-height":240,"img_780_525":"https:\/\/csenigma.pl\/wp-content\/uploads\/2021\/07\/Wid-I-0865-780x525.jpg","img_780_525-width":780,"img_780_525-height":525,"full_hd":"https:\/\/csenigma.pl\/wp-content\/uploads\/2021\/07\/Wid-I-0865.jpg","full_hd-width":1500,"full_hd-height":959}}]}]},"parentTitle":"Historia","sibilings":[{"title":"Stories of mathematicians","url":"https:\/\/csenigma.pl\/en\/cipher-centre\/historia\/stories-of-mathematicians\/","slug":"stories-of-mathematicians"},{"title":"History of the building","url":"https:\/\/csenigma.pl\/en\/cipher-centre\/historia\/history-of-the-building\/","slug":"history-of-the-building"},{"title":"History of the project","url":"https:\/\/csenigma.pl\/en\/cipher-centre\/historia\/history-of-the-project\/","slug":"history-of-the-project"}],"_links":{"self":[{"href":"https:\/\/csenigma.pl\/en\/wp-json\/wp\/v2\/pages\/13102","targetHints":{"allow":["GET"]}}],"collection":[{"href":"https:\/\/csenigma.pl\/en\/wp-json\/wp\/v2\/pages"}],"about":[{"href":"https:\/\/csenigma.pl\/en\/wp-json\/wp\/v2\/types\/page"}],"author":[{"embeddable":true,"href":"https:\/\/csenigma.pl\/en\/wp-json\/wp\/v2\/users\/1"}],"replies":[{"embeddable":true,"href":"https:\/\/csenigma.pl\/en\/wp-json\/wp\/v2\/comments?post=13102"}],"version-history":[{"count":4,"href":"https:\/\/csenigma.pl\/en\/wp-json\/wp\/v2\/pages\/13102\/revisions"}],"predecessor-version":[{"id":13106,"href":"https:\/\/csenigma.pl\/en\/wp-json\/wp\/v2\/pages\/13102\/revisions\/13106"}],"up":[{"embeddable":true,"href":"https:\/\/csenigma.pl\/en\/wp-json\/wp\/v2\/pages\/688"}],"wp:featuredmedia":[{"embeddable":true,"href":"https:\/\/csenigma.pl\/en\/wp-json\/wp\/v2\/media\/447"}],"wp:attachment":[{"href":"https:\/\/csenigma.pl\/en\/wp-json\/wp\/v2\/media?parent=13102"}],"curies":[{"name":"wp","href":"https:\/\/api.w.org\/{rel}","templated":true}]}}